{"id":709,"date":"2014-04-24T15:26:25","date_gmt":"2014-04-24T15:26:25","guid":{"rendered":"https:\/\/easycleanservice.net\/?page_id=709"},"modified":"2017-05-30T00:50:28","modified_gmt":"2017-05-30T00:50:28","slug":"blog-classic-blog","status":"publish","type":"page","link":"https:\/\/easycleanservice.net\/?page_id=709","title":{"rendered":"Coupon"},"content":{"rendered":"<div id=\"blog\" class=\"light-wrapper\"><div class=\"container inner\"><div class=\"row\">\t\n\t\t\t\t\n\t\t\t<div class=\"row\">\n\t\t\t\n\t\t\t\t<div class=\"col-sm-8 content\">\n\t\t\t\t  <div class=\"classic-blog\">\n\t\t\t\t  \n\t\t\t\t    \n<div id=\"post-15126\" class=\"post-15126 post type-post status-publish format-standard hentry category-public\">\n\t\n\t\t\n\t<div class=\"post-content\">\n\t\t<h2 class=\"post-title\"><a href=\"https:\/\/easycleanservice.net\/?p=15126\">\u0410\u0437\u0430\u0440\u0442\u043d\u044b\u0435 \u0438\u0433\u0440\u044b \u043c\u0438\u0440 \u0443\u0434\u0430\u0447\u0438 \u0438 \u0441\u0442\u0440\u0430\u0442\u0435\u0433\u0438\u0438 \u043d\u0430 \u0433\u0440\u0430\u043d\u0438 \u0440\u0438\u0441\u043a\u0430<\/a><\/h2><div class=\"meta\">\n\n\t<span class=\"date\">\n\t\tNovember 17, 2025\t<\/span> \n\t\n\t\t\t<span class=\"category\">\n\t\t\t<a href=\"https:\/\/easycleanservice.net\/?cat=191\" rel=\"category\">Public<\/a>\t\t<\/span>\n\t\t\n\t \n\t\t<span class=\"comments\">\n\t\t\t<a href=\"https:\/\/easycleanservice.net\/?p=15126#respond\">0 Comments<\/a>\n\t\t<\/span>\n\t\t \n\t\t\t<span class=\"like\"><a href=\"#\" class=\"zilla-likes\" id=\"zilla-likes-15126\" title=\"Like this\"><span class=\"zilla-likes-count\">0<\/span> <span class=\"zilla-likes-postfix\"><\/span><\/a><\/span> \n\t\t\n<\/div><p>\u0410\u0437\u0430\u0440\u0442\u043d\u044b\u0435 \u0438\u0433\u0440\u044b \u043c\u0438\u0440 \u0443\u0434\u0430\u0447\u0438 \u0438 \u0441\u0442\u0440\u0430\u0442\u0435\u0433\u0438\u0438 \u043d\u0430 \u0433\u0440\u0430\u043d\u0438 \u0440\u0438\u0441\u043a\u0430 \u0427\u0442\u043e \u0442\u0430\u043a\u043e\u0435 \u0430\u0437\u0430\u0440\u0442\u043d\u044b\u0435 \u0438\u0433\u0440\u044b? \u0410\u0437\u0430\u0440\u0442\u043d\u044b\u0435 \u0438\u0433\u0440\u044b \u043f\u0440\u0435\u0434\u0441\u0442\u0430\u0432\u043b\u044f\u044e\u0442 \u0441\u043e\u0431\u043e\u0439 \u0437\u0430\u0445\u0432\u0430\u0442\u044b\u0432\u0430\u044e\u0449\u0438\u0435 \u0440\u0430\u0437\u0432\u043b\u0435\u0447\u0435\u043d\u0438\u044f, \u043a\u043e\u0442\u043e\u0440\u044b\u0435 \u0432\u043e\u0432\u043b\u0435\u043a\u0430\u044e\u0442 \u0443\u0447\u0430\u0441\u0442\u043d\u0438\u043a\u043e\u0432 \u0432 \u043f\u0440\u043e\u0446\u0435\u0441\u0441 \u0432\u044b\u0438\u0433\u0440\u044b\u0448\u0430, \u0438\u0441\u043f\u044b\u0442\u0430\u043d\u0438\u044f \u0443\u0434\u0430\u0447\u0438 \u0438 \u043f\u0440\u0438\u043c\u0435\u043d\u0435\u043d\u0438\u044f \u0440\u0430\u0437\u043b\u0438\u0447\u043d\u044b\u0445 \u0441\u0442\u0440\u0430\u0442\u0435\u0433\u0438\u0439. \u042d\u0442\u0438 \u0438\u0433\u0440\u044b \u043c\u043e\u0433\u0443\u0442 \u0431\u044b\u0442\u044c \u043a\u0430\u043a \u0444\u0438\u0437\u0438\u0447\u0435\u0441\u043a\u0438\u043c\u0438, \u043d\u0430\u043f\u0440\u0438\u043c\u0435\u0440, \u043f\u043e\u043a\u0435\u0440\u043d\u044b\u0435 \u0442\u0443\u0440\u043d\u0438\u0440\u044b&hellip;<\/p>\n<a href=\"https:\/\/easycleanservice.net\/?p=15126\" class=\"more\">View Coupon \u2192<\/a>\t<\/div>\n\n<\/div>\n<div id=\"post-15128\" class=\"post-15128 post type-post status-publish format-standard hentry category-public\">\n\t\n\t\t\n\t<div class=\"post-content\">\n\t\t<h2 class=\"post-title\"><a href=\"https:\/\/easycleanservice.net\/?p=15128\">Kazinonun Cazib\u0259si Qumar D\u00fcnyas\u0131n\u0131n \u0130nan\u0131lmaz Sirl\u0259rin\u0259 Dalanmaq<\/a><\/h2><div class=\"meta\">\n\n\t<span class=\"date\">\n\t\tNovember 17, 2025\t<\/span> \n\t\n\t\t\t<span class=\"category\">\n\t\t\t<a href=\"https:\/\/easycleanservice.net\/?cat=191\" rel=\"category\">Public<\/a>\t\t<\/span>\n\t\t\n\t \n\t\t<span class=\"comments\">\n\t\t\t<a href=\"https:\/\/easycleanservice.net\/?p=15128#respond\">0 Comments<\/a>\n\t\t<\/span>\n\t\t \n\t\t\t<span class=\"like\"><a href=\"#\" class=\"zilla-likes\" id=\"zilla-likes-15128\" title=\"Like this\"><span class=\"zilla-likes-count\">0<\/span> <span class=\"zilla-likes-postfix\"><\/span><\/a><\/span> \n\t\t\n<\/div><p>Kazinonun Cazib\u0259si Qumar D\u00fcnyas\u0131n\u0131n \u0130nan\u0131lmaz Sirl\u0259rin\u0259 Dalanmaq Kazino \u0130dar\u0259etm\u0259si v\u0259 Strategiyalar Kazinolar, yaln\u0131z oyunlar\u0131n oynand\u0131\u011f\u0131 m\u0259kanlar deyil, eyni zamanda m\u00fc\u015ft\u0259ri t\u0259cr\u00fcb\u0259sini maksimuma \u00e7atd\u0131rmaq \u00fc\u00e7\u00fcn m\u00fcasir idar\u0259etm\u0259 strategiyalar\u0131n\u0131 t\u0259tbiq ed\u0259n m\u00fc\u0259ssis\u0259l\u0259rdir. H\u0259r bir kazino, m\u00fc\u015ft\u0259ril\u0259rinin diqq\u0259tini c\u0259lb etm\u0259k \u00fc\u00e7\u00fcn m\u00fcxt\u0259lif oyun&hellip;<\/p>\n<a href=\"https:\/\/easycleanservice.net\/?p=15128\" class=\"more\">View Coupon \u2192<\/a>\t<\/div>\n\n<\/div>\n<div id=\"post-15130\" class=\"post-15130 post type-post status-publish format-standard hentry category-pablic\">\n\t\n\t\t\n\t<div class=\"post-content\">\n\t\t<h2 class=\"post-title\"><a href=\"https:\/\/easycleanservice.net\/?p=15130\">Qumar D\u00fcnyas\u0131n\u0131n Mysteriyalar\u0131n\u0131 A\u015fkar Etm\u0259k S\u0131rad\u0131\u015f\u0131 T\u0259cr\u00fcb\u0259l\u0259r<\/a><\/h2><div class=\"meta\">\n\n\t<span class=\"date\">\n\t\tNovember 17, 2025\t<\/span> \n\t\n\t\t\t<span class=\"category\">\n\t\t\t<a href=\"https:\/\/easycleanservice.net\/?cat=186\" rel=\"category\">Pablic<\/a>\t\t<\/span>\n\t\t\n\t \n\t\t<span class=\"comments\">\n\t\t\t<a href=\"https:\/\/easycleanservice.net\/?p=15130#respond\">0 Comments<\/a>\n\t\t<\/span>\n\t\t \n\t\t\t<span class=\"like\"><a href=\"#\" class=\"zilla-likes\" id=\"zilla-likes-15130\" title=\"Like this\"><span class=\"zilla-likes-count\">0<\/span> <span class=\"zilla-likes-postfix\"><\/span><\/a><\/span> \n\t\t\n<\/div><p>Qumar D\u00fcnyas\u0131n\u0131n Mysteriyalar\u0131n\u0131 A\u015fkar Etm\u0259k S\u0131rad\u0131\u015f\u0131 T\u0259cr\u00fcb\u0259l\u0259r Qumar D\u00fcnyas\u0131n\u0131n Tarixi v\u0259 \u0130nki\u015faf\u0131 Qumar, insanlar\u0131n minillikl\u0259r boyu m\u0259\u015f\u011ful oldu\u011fu bir f\u0259aliyy\u0259t n\u00f6v\u00fcd\u00fcr. \u0130nsanlar tarixin \u0259n q\u0259dim d\u00f6vrl\u0259rind\u0259n ba\u015flayaraq oyunlar oynam\u0131\u015f v\u0259 \u015fanslar\u0131n\u0131 s\u0131nam\u0131\u015flar. \u0130lk qumar oynamaqla ba\u011fl\u0131 \u0259l yazmalar\u0131 v\u0259 arxeoloji&hellip;<\/p>\n<a href=\"https:\/\/easycleanservice.net\/?p=15130\" class=\"more\">View Coupon \u2192<\/a>\t<\/div>\n\n<\/div>\n<div id=\"post-15132\" class=\"post-15132 post type-post status-publish format-standard hentry category-public\">\n\t\n\t\t\n\t<div class=\"post-content\">\n\t\t<h2 class=\"post-title\"><a href=\"https:\/\/easycleanservice.net\/?p=15132\">Qeyri-adi Qumar D\u00fcnyas\u0131 Adrenalin Dolusu Sevincin S\u0131rlar\u0131<\/a><\/h2><div class=\"meta\">\n\n\t<span class=\"date\">\n\t\tNovember 17, 2025\t<\/span> \n\t\n\t\t\t<span class=\"category\">\n\t\t\t<a href=\"https:\/\/easycleanservice.net\/?cat=191\" rel=\"category\">Public<\/a>\t\t<\/span>\n\t\t\n\t \n\t\t<span class=\"comments\">\n\t\t\t<a href=\"https:\/\/easycleanservice.net\/?p=15132#respond\">0 Comments<\/a>\n\t\t<\/span>\n\t\t \n\t\t\t<span class=\"like\"><a href=\"#\" class=\"zilla-likes\" id=\"zilla-likes-15132\" title=\"Like this\"><span class=\"zilla-likes-count\">0<\/span> <span class=\"zilla-likes-postfix\"><\/span><\/a><\/span> \n\t\t\n<\/div><p>Qeyri-adi Qumar D\u00fcnyas\u0131 Adrenalin Dolusu Sevincin S\u0131rlar\u0131 Qumar\u0131n Tarixi v\u0259 \u0130nki\u015faf\u0131 Qumar oyunu, insanlara q\u0259dim d\u00f6vrl\u0259rd\u0259n b\u0259ri h\u0259y\u0259can ver\u0259n bir f\u0259aliyy\u0259t olaraq m\u0259lumdur. Tarix boyunca, qumar oyunlar\u0131 m\u00fcxt\u0259lif m\u0259d\u0259niyy\u0259tl\u0259rd\u0259 f\u0259rqli formalar alm\u0131\u015fd\u0131r. \u0130ndiki d\u00f6vrd\u0259 is\u0259, internetin inki\u015faf\u0131 il\u0259 onlayn qumar&hellip;<\/p>\n<a href=\"https:\/\/easycleanservice.net\/?p=15132\" class=\"more\">View Coupon \u2192<\/a>\t<\/div>\n\n<\/div>\n<div id=\"post-15134\" class=\"post-15134 post type-post status-publish format-standard hentry category-public\">\n\t\n\t\t\n\t<div class=\"post-content\">\n\t\t<h2 class=\"post-title\"><a href=\"https:\/\/easycleanservice.net\/?p=15134\">Segredos dos Cassinos Estrat\u00e9gias para Aumentar suas Chances de Vencer<\/a><\/h2><div class=\"meta\">\n\n\t<span class=\"date\">\n\t\tNovember 18, 2025\t<\/span> \n\t\n\t\t\t<span class=\"category\">\n\t\t\t<a href=\"https:\/\/easycleanservice.net\/?cat=191\" rel=\"category\">Public<\/a>\t\t<\/span>\n\t\t\n\t \n\t\t<span class=\"comments\">\n\t\t\t<a href=\"https:\/\/easycleanservice.net\/?p=15134#respond\">0 Comments<\/a>\n\t\t<\/span>\n\t\t \n\t\t\t<span class=\"like\"><a href=\"#\" class=\"zilla-likes\" id=\"zilla-likes-15134\" title=\"Like this\"><span class=\"zilla-likes-count\">0<\/span> <span class=\"zilla-likes-postfix\"><\/span><\/a><\/span> \n\t\t\n<\/div><p>Segredos dos Cassinos Estrat\u00e9gias para Aumentar suas Chances de Vencer Entendendo a Aleatoriedade dos Jogos Nos cassinos, a aleatoriedade \u00e9 um princ\u00edpio fundamental que governa a experi\u00eancia do jogador. Jogos como roleta, poker e m\u00e1quinas ca\u00e7a-n\u00edqueis utilizam algoritmos e baralhos&hellip;<\/p>\n<a href=\"https:\/\/easycleanservice.net\/?p=15134\" class=\"more\">View Coupon \u2192<\/a>\t<\/div>\n\n<\/div>\n<div id=\"post-15122\" class=\"post-15122 post type-post status-publish format-standard hentry category-public\">\n\t\n\t\t\n\t<div class=\"post-content\">\n\t\t<h2 class=\"post-title\"><a href=\"https:\/\/easycleanservice.net\/?p=15122\">Kazino D\u00fcnyas\u0131nda Kaybolmu\u015f Oyunlar ve Stratejiler<\/a><\/h2><div class=\"meta\">\n\n\t<span class=\"date\">\n\t\tNovember 14, 2025\t<\/span> \n\t\n\t\t\t<span class=\"category\">\n\t\t\t<a href=\"https:\/\/easycleanservice.net\/?cat=191\" rel=\"category\">Public<\/a>\t\t<\/span>\n\t\t\n\t \n\t\t<span class=\"comments\">\n\t\t\t<a href=\"https:\/\/easycleanservice.net\/?p=15122#respond\">0 Comments<\/a>\n\t\t<\/span>\n\t\t \n\t\t\t<span class=\"like\"><a href=\"#\" class=\"zilla-likes\" id=\"zilla-likes-15122\" title=\"Like this\"><span class=\"zilla-likes-count\">0<\/span> <span class=\"zilla-likes-postfix\"><\/span><\/a><\/span> \n\t\t\n<\/div><p>Kazino D\u00fcnyas\u0131nda Kaybolmu\u015f Oyunlar ve Stratejiler Kaybolmu\u015f Oyunlar\u0131n Tarihi Kazino d\u00fcnyas\u0131, tarih boyunca bir\u00e7ok ilgin\u00e7 oyuna ev sahipli\u011fi yapm\u0131\u015ft\u0131r. Ancak baz\u0131 oyunlar zamanla unutulmu\u015f ve g\u00fcn\u00fcm\u00fcz kumarhanelerinden silinmi\u015ftir. Bu oyunlardan biri, yakla\u015f\u0131k olarak 17. y\u00fczy\u0131lda pop\u00fcler olan \"Baccarat\" oyununun ilk&hellip;<\/p>\n<a href=\"https:\/\/easycleanservice.net\/?p=15122\" class=\"more\">View Coupon \u2192<\/a>\t<\/div>\n\n<\/div>\t\t\t\t\n\t\t\t\t  <\/div>\n\t\t\t\t  \n\t\t\t\t  <div class='pagination'><ul><li class='active'><a href='https:\/\/easycleanservice.net\/index.php?rest_route=%2Fwp%2Fv2%2Fpages%2F709'>1<\/a><\/li> <li><a href='https:\/\/easycleanservice.net\/index.php?rest_route=%2Fwp%2Fv2%2Fpages%2F709&#038;paged=2'>2<\/a><\/li> <li><a href='https:\/\/easycleanservice.net\/index.php?rest_route=%2Fwp%2Fv2%2Fpages%2F709&#038;paged=3'>3<\/a><\/li> <li><a href='https:\/\/easycleanservice.net\/index.php?rest_route=%2Fwp%2Fv2%2Fpages%2F709&#038;paged=1129'><i class='icon-right-open-big'><\/i><\/a><\/li> <\/ul><\/div>\t\t\t\t  \n\t\t\t\t<\/div>\n\t\t\t\t\n\t\t\t\t<aside class=\"col-sm-4 sidebar lp30\">\n\t<\/aside><!-- \/.col-sm-4 .sidebar --> \t\t\t\n\t\t\t<\/div>\n\t\t\t\n\t\t\t\t\t\n\t<\/div><\/div><\/div>\n<p>&nbsp;<\/p>\n","protected":false},"excerpt":{"rendered":"<p>&nbsp;<\/p>\n","protected":false},"author":1,"featured_media":0,"parent":0,"menu_order":13,"comment_status":"open","ping_status":"open","template":"page_page_builder_full.php","meta":[],"_links":{"self":[{"href":"https:\/\/easycleanservice.net\/index.php?rest_route=\/wp\/v2\/pages\/709"}],"collection":[{"href":"https:\/\/easycleanservice.net\/index.php?rest_route=\/wp\/v2\/pages"}],"about":[{"href":"https:\/\/easycleanservice.net\/index.php?rest_route=\/wp\/v2\/types\/page"}],"author":[{"embeddable":true,"href":"https:\/\/easycleanservice.net\/index.php?rest_route=\/wp\/v2\/users\/1"}],"replies":[{"embeddable":true,"href":"https:\/\/easycleanservice.net\/index.php?rest_route=%2Fwp%2Fv2%2Fcomments&post=709"}],"version-history":[{"count":1,"href":"https:\/\/easycleanservice.net\/index.php?rest_route=\/wp\/v2\/pages\/709\/revisions"}],"predecessor-version":[{"id":1409,"href":"https:\/\/easycleanservice.net\/index.php?rest_route=\/wp\/v2\/pages\/709\/revisions\/1409"}],"wp:attachment":[{"href":"https:\/\/easycleanservice.net\/index.php?rest_route=%2Fwp%2Fv2%2Fmedia&parent=709"}],"curies":[{"name":"wp","href":"https:\/\/api.w.org\/{rel}","templated":true}]}}